{"id":143,"date":"2024-05-23T08:38:39","date_gmt":"2024-05-23T06:38:39","guid":{"rendered":"https:\/\/portsidebaltycka.pl\/galeria\/"},"modified":"2026-01-27T11:30:31","modified_gmt":"2026-01-27T10:30:31","slug":"galerie","status":"publish","type":"page","link":"https:\/\/portsidebaltycka.pl\/de\/galerie\/","title":{"rendered":"Galerie &amp; Visualisierungen"},"content":{"rendered":"\n<p>Die Galerie zeigt Visualisierungen und Projektbilder, die den Stil, die Architektur und die Atmosph\u00e4re von Portside Ba\u0142tycka vermitteln. Dazu geh\u00f6ren Au\u00dfenansichten, Innenr\u00e4ume, Umgebungseinblicke und Konzeptbilder der Anlage.<\/p>\n\n\n\n<p><\/p>\n","protected":false},"excerpt":{"rendered":"<p>Die Galerie zeigt Visualisierungen und Projektbilder, die den Stil, die Architektur und die Atmosph\u00e4re von Portside Ba\u0142tycka vermitteln. Dazu geh\u00f6ren Au\u00dfenansichten, Innenr\u00e4ume, Umgebungseinblicke und Konzeptbilder der Anlage.<\/p>\n","protected":false},"author":1,"featured_media":0,"parent":0,"menu_order":0,"comment_status":"closed","ping_status":"closed","template":"page-gallery.php","meta":{"footnotes":""},"class_list":["post-143","page","type-page","status-publish","hentry"],"_links":{"self":[{"href":"https:\/\/portsidebaltycka.pl\/de\/wp-json\/wp\/v2\/pages\/143"}],"collection":[{"href":"https:\/\/portsidebaltycka.pl\/de\/wp-json\/wp\/v2\/pages"}],"about":[{"href":"https:\/\/portsidebaltycka.pl\/de\/wp-json\/wp\/v2\/types\/page"}],"author":[{"embeddable":true,"href":"https:\/\/portsidebaltycka.pl\/de\/wp-json\/wp\/v2\/users\/1"}],"replies":[{"embeddable":true,"href":"https:\/\/portsidebaltycka.pl\/de\/wp-json\/wp\/v2\/comments?post=143"}],"version-history":[{"count":1,"href":"https:\/\/portsidebaltycka.pl\/de\/wp-json\/wp\/v2\/pages\/143\/revisions"}],"predecessor-version":[{"id":144,"href":"https:\/\/portsidebaltycka.pl\/de\/wp-json\/wp\/v2\/pages\/143\/revisions\/144"}],"wp:attachment":[{"href":"https:\/\/portsidebaltycka.pl\/de\/wp-json\/wp\/v2\/media?parent=143"}],"curies":[{"name":"wp","href":"https:\/\/api.w.org\/{rel}","templated":true}]}}