{"id":138,"date":"2024-05-23T08:38:14","date_gmt":"2024-05-23T06:38:14","guid":{"rendered":"https:\/\/portsidebaltycka.pl\/lokalizacja\/"},"modified":"2026-01-27T11:28:32","modified_gmt":"2026-01-27T10:28:32","slug":"lage","status":"publish","type":"page","link":"https:\/\/portsidebaltycka.pl\/de\/lage\/","title":{"rendered":"Lage"},"content":{"rendered":"\n<h3 class=\"wp-block-heading\" id=\"lokalizacja\">Lagebeschreibung &#8211; Ko\u0142obrzeg<\/h3>\n\n\n\n<p>Portside Ba\u0142tycka befindet sich in einer erstklassigen Lage: ca. 2 Minuten zur Marina, 10 Minuten zum Strand und 12 Minuten zum Leuchtturm und Pier zu Fu\u00df.<\/p>\n\n\n\n<p>Die N\u00e4he zu Bahnhof und Bushaltestellen erleichtert die Mobilit\u00e4t innerhalb der Stadt und dar\u00fcber hinaus. Die Umgebung bietet viele Fu\u00df- und Radwege entlang des Flusses Pars\u0119ta und der K\u00fcste &#8211; ideal f\u00fcr ein aktives Leben. <\/p>\n\n\n\n<p>Ko\u0142obrzeg verf\u00fcgt \u00fcber ein gesundes Mikroklima, reich an Jodluft, mit therapeutischen Salzwassern und zahlreichen Sport- und Freizeitm\u00f6glichkeiten wie Fitnessstudios, Schwimmb\u00e4dern und Tennispl\u00e4tzen. <\/p>\n","protected":false},"excerpt":{"rendered":"<p>Lagebeschreibung &#8211; Ko\u0142obrzeg Portside Ba\u0142tycka befindet sich in einer erstklassigen Lage: ca. 2 Minuten zur Marina, 10 Minuten zum Strand und 12 Minuten zum Leuchtturm und Pier zu Fu\u00df. Die N\u00e4he zu Bahnhof und Bushaltestellen erleichtert die Mobilit\u00e4t innerhalb der Stadt und dar\u00fcber hinaus. Die Umgebung bietet viele Fu\u00df- und Radwege entlang des Flusses Pars\u0119ta<a href=\"https:\/\/portsidebaltycka.pl\/de\/lage\/\">Continue reading <span class=\"sr-only\">&#8220;Lage&#8221;<\/span><\/a><\/p>\n","protected":false},"author":1,"featured_media":0,"parent":0,"menu_order":0,"comment_status":"closed","ping_status":"closed","template":"page-location.php","meta":{"footnotes":""},"class_list":["post-138","page","type-page","status-publish","hentry"],"_links":{"self":[{"href":"https:\/\/portsidebaltycka.pl\/de\/wp-json\/wp\/v2\/pages\/138"}],"collection":[{"href":"https:\/\/portsidebaltycka.pl\/de\/wp-json\/wp\/v2\/pages"}],"about":[{"href":"https:\/\/portsidebaltycka.pl\/de\/wp-json\/wp\/v2\/types\/page"}],"author":[{"embeddable":true,"href":"https:\/\/portsidebaltycka.pl\/de\/wp-json\/wp\/v2\/users\/1"}],"replies":[{"embeddable":true,"href":"https:\/\/portsidebaltycka.pl\/de\/wp-json\/wp\/v2\/comments?post=138"}],"version-history":[{"count":1,"href":"https:\/\/portsidebaltycka.pl\/de\/wp-json\/wp\/v2\/pages\/138\/revisions"}],"predecessor-version":[{"id":141,"href":"https:\/\/portsidebaltycka.pl\/de\/wp-json\/wp\/v2\/pages\/138\/revisions\/141"}],"wp:attachment":[{"href":"https:\/\/portsidebaltycka.pl\/de\/wp-json\/wp\/v2\/media?parent=138"}],"curies":[{"name":"wp","href":"https:\/\/api.w.org\/{rel}","templated":true}]}}