{"id":132,"date":"2024-05-23T08:30:34","date_gmt":"2024-05-23T06:30:34","guid":{"rendered":"https:\/\/portsidebaltycka.pl\/inwestycja\/"},"modified":"2026-01-27T11:19:01","modified_gmt":"2026-01-27T10:19:01","slug":"investition","status":"publish","type":"page","link":"https:\/\/portsidebaltycka.pl\/de\/investition\/","title":{"rendered":"Das Projekt"},"content":{"rendered":"\n<h3 class=\"wp-block-heading\" id=\"portside-ba\u0142tycka-inwestycja-kt\u00f3ra-harmonijnie-\u0142\u0105czy-estetyk\u0119-funkcjonalno\u015b\u0107-i-trosk\u0119-o-przysz\u0142o\u015b\u0107\">\u00dcber das Projekt Portside Ba\u0142tycka<\/h3>\n\n\n\n<p>Portside Ba\u0142tycka ist ein modernes Wohnprojekt in Ko\u0142obrzeg, bestehend aus zwei intimen Geb\u00e4uden mit einem gr\u00fcnen Innenhof. Das Projekt wurde in Zusammenarbeit mit dem renommierten Architekturb\u00fcro RDZ-A entwickelt, was den Bauk\u00f6rpern einen frischen und edlen Charakter verleiht. Insgesamt sind 125 Wohnungen mit Fl\u00e4chen von 28 bis 102 m\u00b2 in 2- bis 4-Zimmer-Layouts geplant.<\/p>\n\n\n\n<p>Die moderne architektonische Form und die gro\u00dfz\u00fcgigen Fenster sorgen f\u00fcr helle, lichtdurchflutete R\u00e4ume und ein luftiges Wohngef\u00fchl. Die Dachterrassen bieten Ausblicke auf die Marina und den Leuchtturm.<\/p>\n\n\n\n<p>Zu den Annehmlichkeiten geh\u00f6ren Parkpl\u00e4tze in der Tiefgarage, Ladestationen f\u00fcr Elektroautos, Fahrradstellpl\u00e4tze mit Reparaturstation, Smart-Home-Technologien, automatische Rezeption und \u00f6kologische L\u00f6sungen wie Photovoltaik und Regenwassernutzung, um Energie zu sparen und die Umwelt zu schonen.<\/p>\n\n\n\n<p>Das Projekt legt Wert auf moderne und nachhaltige Wohnqualit\u00e4t in einer hervorragenden Lage nahe dem Meer und urbaner Infrastruktur.<\/p>\n","protected":false},"excerpt":{"rendered":"<p>\u00dcber das Projekt Portside Ba\u0142tycka Portside Ba\u0142tycka ist ein modernes Wohnprojekt in Ko\u0142obrzeg, bestehend aus zwei intimen Geb\u00e4uden mit einem gr\u00fcnen Innenhof. Das Projekt wurde in Zusammenarbeit mit dem renommierten Architekturb\u00fcro RDZ-A entwickelt, was den Bauk\u00f6rpern einen frischen und edlen Charakter verleiht. Insgesamt sind 125 Wohnungen mit Fl\u00e4chen von 28 bis 102 m\u00b2 in 2-<a href=\"https:\/\/portsidebaltycka.pl\/de\/investition\/\">Continue reading <span class=\"sr-only\">&#8220;Das Projekt&#8221;<\/span><\/a><\/p>\n","protected":false},"author":1,"featured_media":0,"parent":0,"menu_order":0,"comment_status":"closed","ping_status":"closed","template":"page-investment.php","meta":{"footnotes":""},"class_list":["post-132","page","type-page","status-publish","hentry"],"_links":{"self":[{"href":"https:\/\/portsidebaltycka.pl\/de\/wp-json\/wp\/v2\/pages\/132"}],"collection":[{"href":"https:\/\/portsidebaltycka.pl\/de\/wp-json\/wp\/v2\/pages"}],"about":[{"href":"https:\/\/portsidebaltycka.pl\/de\/wp-json\/wp\/v2\/types\/page"}],"author":[{"embeddable":true,"href":"https:\/\/portsidebaltycka.pl\/de\/wp-json\/wp\/v2\/users\/1"}],"replies":[{"embeddable":true,"href":"https:\/\/portsidebaltycka.pl\/de\/wp-json\/wp\/v2\/comments?post=132"}],"version-history":[{"count":1,"href":"https:\/\/portsidebaltycka.pl\/de\/wp-json\/wp\/v2\/pages\/132\/revisions"}],"predecessor-version":[{"id":134,"href":"https:\/\/portsidebaltycka.pl\/de\/wp-json\/wp\/v2\/pages\/132\/revisions\/134"}],"wp:attachment":[{"href":"https:\/\/portsidebaltycka.pl\/de\/wp-json\/wp\/v2\/media?parent=132"}],"curies":[{"name":"wp","href":"https:\/\/api.w.org\/{rel}","templated":true}]}}