{"id":128,"date":"2024-05-23T08:29:45","date_gmt":"2024-05-23T06:29:45","guid":{"rendered":"https:\/\/portsidebaltycka.pl\/strona-glowna\/"},"modified":"2026-01-27T12:09:43","modified_gmt":"2026-01-27T11:09:43","slug":"strona-glowna","status":"publish","type":"page","link":"https:\/\/portsidebaltycka.pl\/de\/","title":{"rendered":"Startseite"},"content":{"rendered":"\n<h3 class=\"wp-block-heading\" id=\"portside-ba\u0142tycka-nowoczesna-inwestycja-mieszkaniowa-w-sercu-ko\u0142obrzegu\">Portside Ba\u0142tycka &#8211; modernes Wohnprojekt im Herzen von Ko\u0142obrzeg<\/h3>\n\n\n\n<p>Portside Ba\u0142tycka ist eine elegante Wohninvestition direkt neben der Marina von Ko\u0142obrzeg &#8211; einem der prestigetr\u00e4chtigsten und landschaftlich sch\u00f6nsten Stadtteile. Zwei modernistische Geb\u00e4ude mit intimem Charakter f\u00fcgen sich harmonisch in die K\u00fcstenlandschaft ein und bieten den Bewohnern Ruhe, Komfort und eine au\u00dfergew\u00f6hnliche N\u00e4he zur Natur. Die Wohnungen liegen nur wenige Minuten von einem breiten Sandstrand, dem malerischen Pier und dem ikonischen Leuchtturm entfernt, was diese Lage besonders attraktiv macht.<\/p>\n\n\n\n<p>Die Apartments wurden f\u00fcr einen modernen Lebensstil entwickelt, bei dem \u00c4sthetik auf Funktionalit\u00e4t trifft. Ger\u00e4umige Innenr\u00e4ume, optional vorinstallierte Klimaanlagen und hochwertige Materialien unterstreichen den Premiumstandard dieses Projekts. Jeder Aspekt wurde sorgf\u00e4ltig gestaltet, um ideale Wohnbedingungen zu schaffen.<\/p>\n\n\n\n<p>Portside Ba\u0142tycka bietet nicht nur Wohneinheiten am Meer, sondern ein durchdachtes Konzept mit Smart-Home-Systemen, automatischer Rezeption, Touch-Panels und Ladestationen f\u00fcr Elektrofahrzeuge. Nachhaltige L\u00f6sungen wie Photovoltaikanlagen auf den D\u00e4chern, Bewegungsmelder zur Beleuchtungssteuerung und Regenwassersammelsysteme zur Bew\u00e4sserung der Gr\u00fcnfl\u00e4chen unterstreichen die \u00f6kologische Ausrichtung des Projekts.<\/p>\n\n\n\n<p>Zur Infrastruktur geh\u00f6ren eine Tiefgarage, Fahrradstellpl\u00e4tze mit Reparaturstation, ein gr\u00fcner Innenhof und ein Kinderspielplatz sowie zahlreiche Fu\u00df- und Radwege &#8211; ideal f\u00fcr Familien, Singles und Investoren gleicherma\u00dfen.<\/p>\n\n\n\n<p><\/p>\n","protected":false},"excerpt":{"rendered":"<p>Portside Ba\u0142tycka &#8211; modernes Wohnprojekt im Herzen von Ko\u0142obrzeg Portside Ba\u0142tycka ist eine elegante Wohninvestition direkt neben der Marina von Ko\u0142obrzeg &#8211; einem der prestigetr\u00e4chtigsten und landschaftlich sch\u00f6nsten Stadtteile. Zwei modernistische Geb\u00e4ude mit intimem Charakter f\u00fcgen sich harmonisch in die K\u00fcstenlandschaft ein und bieten den Bewohnern Ruhe, Komfort und eine au\u00dfergew\u00f6hnliche N\u00e4he zur Natur. Die<a href=\"https:\/\/portsidebaltycka.pl\/de\/\">Continue reading <span class=\"sr-only\">&#8220;Startseite&#8221;<\/span><\/a><\/p>\n","protected":false},"author":1,"featured_media":279,"parent":0,"menu_order":0,"comment_status":"closed","ping_status":"closed","template":"","meta":{"footnotes":""},"class_list":["post-128","page","type-page","status-publish","has-post-thumbnail","hentry"],"_links":{"self":[{"href":"https:\/\/portsidebaltycka.pl\/de\/wp-json\/wp\/v2\/pages\/128"}],"collection":[{"href":"https:\/\/portsidebaltycka.pl\/de\/wp-json\/wp\/v2\/pages"}],"about":[{"href":"https:\/\/portsidebaltycka.pl\/de\/wp-json\/wp\/v2\/types\/page"}],"author":[{"embeddable":true,"href":"https:\/\/portsidebaltycka.pl\/de\/wp-json\/wp\/v2\/users\/1"}],"replies":[{"embeddable":true,"href":"https:\/\/portsidebaltycka.pl\/de\/wp-json\/wp\/v2\/comments?post=128"}],"version-history":[{"count":2,"href":"https:\/\/portsidebaltycka.pl\/de\/wp-json\/wp\/v2\/pages\/128\/revisions"}],"predecessor-version":[{"id":180,"href":"https:\/\/portsidebaltycka.pl\/de\/wp-json\/wp\/v2\/pages\/128\/revisions\/180"}],"wp:featuredmedia":[{"embeddable":true,"href":"https:\/\/portsidebaltycka.pl\/de\/wp-json\/wp\/v2\/media\/279"}],"wp:attachment":[{"href":"https:\/\/portsidebaltycka.pl\/de\/wp-json\/wp\/v2\/media?parent=128"}],"curies":[{"name":"wp","href":"https:\/\/api.w.org\/{rel}","templated":true}]}}